{"id":7659,"date":"2023-10-24T23:16:57","date_gmt":"2023-10-24T23:16:57","guid":{"rendered":"https:\/\/www.hoteldelasabliere.com\/mon-compte\/"},"modified":"2023-11-05T16:02:04","modified_gmt":"2023-11-05T16:02:04","slug":"mon-compte","status":"publish","type":"page","link":"https:\/\/www.hoteldelasabliere.com\/en\/mon-compte\/","title":{"rendered":"Mon Compte"},"content":{"rendered":"<div class=\"mphb_sc_account\">\n\t\t\t\t\t\t<div class=\"mphb-account-content\">\n\t\t\t\t\t\t\t\t\t\t\t\t\t\t\t<div class=\"mphb-login-form\">\n\t\t\t\t<form name=\"loginform\" id=\"loginform\" action=\"https:\/\/www.hoteldelasabliere.com\/wp-login.php\" method=\"post\"><p class=\"login-username\">\n\t\t\t\t<label for=\"user_login\">Username or Email Address<\/label>\n\t\t\t\t<input type=\"text\" name=\"log\" id=\"user_login\" autocomplete=\"username\" class=\"input\" value=\"\" size=\"20\" \/>\n\t\t\t<\/p><p class=\"login-password\">\n\t\t\t\t<label for=\"user_pass\">Password<\/label>\n\t\t\t\t<input type=\"password\" name=\"pwd\" id=\"user_pass\" autocomplete=\"current-password\" spellcheck=\"false\" class=\"input\" value=\"\" size=\"20\" \/>\n\t\t\t<\/p><p class=\"login-remember\"><label><input name=\"rememberme\" type=\"checkbox\" id=\"rememberme\" value=\"forever\" \/> Remember Me<\/label><\/p><p class=\"login-submit\">\n\t\t\t\t<input type=\"submit\" name=\"wp-submit\" id=\"wp-submit\" class=\"button button-primary\" value=\"Log In\" \/>\n\t\t\t\t<input type=\"hidden\" name=\"redirect_to\" value=\"https:\/\/www.hoteldelasabliere.com\/en\/wp-json\/wp\/v2\/pages\/7659\" \/>\n\t\t\t<\/p><\/form>\t\t\t\t<a href=\"https:\/\/www.hoteldelasabliere.com\/en\/mon-compte\/lost-password\/\">Lost your password?<\/a>\n\t\t\t<\/div>\n\t\t\t\t\t\t\t\t\t\t<\/div>\n\t\t<\/div>","protected":false},"excerpt":{"rendered":"","protected":false},"author":1,"featured_media":0,"parent":0,"menu_order":0,"comment_status":"closed","ping_status":"closed","template":"elementor_header_footer","meta":{"footnotes":""},"class_list":["post-7659","page","type-page","status-publish","hentry"],"yoast_head":"<!-- This site is optimized with the Yoast SEO plugin v26.5 - https:\/\/yoast.com\/wordpress\/plugins\/seo\/ -->\n<title>Mon Compte - H\u00f4tel de la Sabli\u00e8re<\/title>\n<meta name=\"robots\" content=\"index, follow, max-snippet:-1, max-image-preview:large, max-video-preview:-1\" \/>\n<link rel=\"canonical\" href=\"https:\/\/www.hoteldelasabliere.com\/en\/mon-compte\/\" \/>\n<meta property=\"og:locale\" content=\"en_GB\" \/>\n<meta property=\"og:type\" content=\"article\" \/>\n<meta property=\"og:title\" content=\"Mon Compte - H\u00f4tel de la Sabli\u00e8re\" \/>\n<meta property=\"og:url\" content=\"https:\/\/www.hoteldelasabliere.com\/en\/mon-compte\/\" \/>\n<meta property=\"og:site_name\" content=\"H\u00f4tel de la Sabli\u00e8re\" \/>\n<meta property=\"article:publisher\" content=\"https:\/\/www.facebook.com\/HoteldelaSabliere\" \/>\n<meta property=\"article:modified_time\" content=\"2023-11-05T16:02:04+00:00\" \/>\n<meta name=\"twitter:card\" content=\"summary_large_image\" \/>\n<script type=\"application\/ld+json\" class=\"yoast-schema-graph\">{\"@context\":\"https:\/\/schema.org\",\"@graph\":[{\"@type\":\"WebPage\",\"@id\":\"https:\/\/www.hoteldelasabliere.com\/mon-compte\/\",\"url\":\"https:\/\/www.hoteldelasabliere.com\/mon-compte\/\",\"name\":\"Mon Compte - H\u00f4tel de la Sabli\u00e8re\",\"isPartOf\":{\"@id\":\"https:\/\/www.hoteldelasabliere.com\/#website\"},\"datePublished\":\"2023-10-24T23:16:57+00:00\",\"dateModified\":\"2023-11-05T16:02:04+00:00\",\"breadcrumb\":{\"@id\":\"https:\/\/www.hoteldelasabliere.com\/mon-compte\/#breadcrumb\"},\"inLanguage\":\"en-GB\",\"potentialAction\":[{\"@type\":\"ReadAction\",\"target\":[\"https:\/\/www.hoteldelasabliere.com\/mon-compte\/\"]}]},{\"@type\":\"BreadcrumbList\",\"@id\":\"https:\/\/www.hoteldelasabliere.com\/mon-compte\/#breadcrumb\",\"itemListElement\":[{\"@type\":\"ListItem\",\"position\":1,\"name\":\"Accueil\",\"item\":\"https:\/\/www.hoteldelasabliere.com\/\"},{\"@type\":\"ListItem\",\"position\":2,\"name\":\"Mon Compte\"}]},{\"@type\":\"WebSite\",\"@id\":\"https:\/\/www.hoteldelasabliere.com\/#website\",\"url\":\"https:\/\/www.hoteldelasabliere.com\/\",\"name\":\"H\u00f4tel de la Sabli\u00e8re\",\"description\":\"Etablissement 4 \u00e9toiles situ\u00e9 au coeur du quartier r\u00e9sidentiel de la Sabli\u00e8re \u00e0 Libreville.\",\"publisher\":{\"@id\":\"https:\/\/www.hoteldelasabliere.com\/#organization\"},\"potentialAction\":[{\"@type\":\"SearchAction\",\"target\":{\"@type\":\"EntryPoint\",\"urlTemplate\":\"https:\/\/www.hoteldelasabliere.com\/?s={search_term_string}\"},\"query-input\":{\"@type\":\"PropertyValueSpecification\",\"valueRequired\":true,\"valueName\":\"search_term_string\"}}],\"inLanguage\":\"en-GB\"},{\"@type\":\"Organization\",\"@id\":\"https:\/\/www.hoteldelasabliere.com\/#organization\",\"name\":\"H\u00f4tel de la Sabli\u00e8re\",\"url\":\"https:\/\/www.hoteldelasabliere.com\/\",\"logo\":{\"@type\":\"ImageObject\",\"inLanguage\":\"en-GB\",\"@id\":\"https:\/\/www.hoteldelasabliere.com\/#\/schema\/logo\/image\/\",\"url\":\"https:\/\/www.hoteldelasabliere.com\/wp-content\/uploads\/2023\/09\/Fichier-12logo.png\",\"contentUrl\":\"https:\/\/www.hoteldelasabliere.com\/wp-content\/uploads\/2023\/09\/Fichier-12logo.png\",\"width\":7850,\"height\":1171,\"caption\":\"H\u00f4tel de la Sabli\u00e8re\"},\"image\":{\"@id\":\"https:\/\/www.hoteldelasabliere.com\/#\/schema\/logo\/image\/\"},\"sameAs\":[\"https:\/\/www.facebook.com\/HoteldelaSabliere\",\"https:\/\/www.instagram.com\/hoteldelasabliereofficiel\/\"]}]}<\/script>\n<!-- \/ Yoast SEO plugin. -->","yoast_head_json":{"title":"Mon Compte - H\u00f4tel de la Sabli\u00e8re","robots":{"index":"index","follow":"follow","max-snippet":"max-snippet:-1","max-image-preview":"max-image-preview:large","max-video-preview":"max-video-preview:-1"},"canonical":"https:\/\/www.hoteldelasabliere.com\/en\/mon-compte\/","og_locale":"en_GB","og_type":"article","og_title":"Mon Compte - H\u00f4tel de la Sabli\u00e8re","og_url":"https:\/\/www.hoteldelasabliere.com\/en\/mon-compte\/","og_site_name":"H\u00f4tel de la Sabli\u00e8re","article_publisher":"https:\/\/www.facebook.com\/HoteldelaSabliere","article_modified_time":"2023-11-05T16:02:04+00:00","twitter_card":"summary_large_image","schema":{"@context":"https:\/\/schema.org","@graph":[{"@type":"WebPage","@id":"https:\/\/www.hoteldelasabliere.com\/mon-compte\/","url":"https:\/\/www.hoteldelasabliere.com\/mon-compte\/","name":"Mon Compte - H\u00f4tel de la Sabli\u00e8re","isPartOf":{"@id":"https:\/\/www.hoteldelasabliere.com\/#website"},"datePublished":"2023-10-24T23:16:57+00:00","dateModified":"2023-11-05T16:02:04+00:00","breadcrumb":{"@id":"https:\/\/www.hoteldelasabliere.com\/mon-compte\/#breadcrumb"},"inLanguage":"en-GB","potentialAction":[{"@type":"ReadAction","target":["https:\/\/www.hoteldelasabliere.com\/mon-compte\/"]}]},{"@type":"BreadcrumbList","@id":"https:\/\/www.hoteldelasabliere.com\/mon-compte\/#breadcrumb","itemListElement":[{"@type":"ListItem","position":1,"name":"Accueil","item":"https:\/\/www.hoteldelasabliere.com\/"},{"@type":"ListItem","position":2,"name":"Mon Compte"}]},{"@type":"WebSite","@id":"https:\/\/www.hoteldelasabliere.com\/#website","url":"https:\/\/www.hoteldelasabliere.com\/","name":"H\u00f4tel de la Sabli\u00e8re","description":"4 Stars establishment located in the heart of the residential district of La Sabli\u00e8re in Libreville.","publisher":{"@id":"https:\/\/www.hoteldelasabliere.com\/#organization"},"potentialAction":[{"@type":"SearchAction","target":{"@type":"EntryPoint","urlTemplate":"https:\/\/www.hoteldelasabliere.com\/?s={search_term_string}"},"query-input":{"@type":"PropertyValueSpecification","valueRequired":true,"valueName":"search_term_string"}}],"inLanguage":"en-GB"},{"@type":"Organization","@id":"https:\/\/www.hoteldelasabliere.com\/#organization","name":"H\u00f4tel de la Sabli\u00e8re","url":"https:\/\/www.hoteldelasabliere.com\/","logo":{"@type":"ImageObject","inLanguage":"en-GB","@id":"https:\/\/www.hoteldelasabliere.com\/#\/schema\/logo\/image\/","url":"https:\/\/www.hoteldelasabliere.com\/wp-content\/uploads\/2023\/09\/Fichier-12logo.png","contentUrl":"https:\/\/www.hoteldelasabliere.com\/wp-content\/uploads\/2023\/09\/Fichier-12logo.png","width":7850,"height":1171,"caption":"H\u00f4tel de la Sabli\u00e8re"},"image":{"@id":"https:\/\/www.hoteldelasabliere.com\/#\/schema\/logo\/image\/"},"sameAs":["https:\/\/www.facebook.com\/HoteldelaSabliere","https:\/\/www.instagram.com\/hoteldelasabliereofficiel\/"]}]}},"_links":{"self":[{"href":"https:\/\/www.hoteldelasabliere.com\/en\/wp-json\/wp\/v2\/pages\/7659","targetHints":{"allow":["GET"]}}],"collection":[{"href":"https:\/\/www.hoteldelasabliere.com\/en\/wp-json\/wp\/v2\/pages"}],"about":[{"href":"https:\/\/www.hoteldelasabliere.com\/en\/wp-json\/wp\/v2\/types\/page"}],"author":[{"embeddable":true,"href":"https:\/\/www.hoteldelasabliere.com\/en\/wp-json\/wp\/v2\/users\/1"}],"replies":[{"embeddable":true,"href":"https:\/\/www.hoteldelasabliere.com\/en\/wp-json\/wp\/v2\/comments?post=7659"}],"version-history":[{"count":1,"href":"https:\/\/www.hoteldelasabliere.com\/en\/wp-json\/wp\/v2\/pages\/7659\/revisions"}],"predecessor-version":[{"id":7660,"href":"https:\/\/www.hoteldelasabliere.com\/en\/wp-json\/wp\/v2\/pages\/7659\/revisions\/7660"}],"wp:attachment":[{"href":"https:\/\/www.hoteldelasabliere.com\/en\/wp-json\/wp\/v2\/media?parent=7659"}],"curies":[{"name":"wp","href":"https:\/\/api.w.org\/{rel}","templated":true}]}}