{"id":8986,"date":"2019-06-11T10:06:47","date_gmt":"2019-06-11T10:06:47","guid":{"rendered":"https:\/\/themes.getmotopress.com\/luviana\/booking-confirmation\/"},"modified":"2023-11-04T23:48:31","modified_gmt":"2023-11-04T23:48:31","slug":"booking-confirmation","status":"publish","type":"page","link":"https:\/\/www.hoteldelasabliere.com\/en\/booking-confirmation\/","title":{"rendered":"Booking Confirmation"},"content":{"rendered":"<style>.elementor-8986 .elementor-element.elementor-element-5d4fca5{--display:flex;}.elementor-8986 .elementor-element.elementor-element-07e594c{text-align:center;}.elementor-8986 .elementor-element.elementor-element-714219e0{--display:flex;}.elementor-8986 .elementor-element.elementor-element-85b2602{--display:flex;}.elementor-8986 .elementor-element.elementor-element-6e83912{--spacer-size:100px;}:root{--page-title-display:none;}<\/style>\t\t<div data-elementor-type=\"wp-page\" data-elementor-id=\"8986\" class=\"elementor elementor-8986\" data-elementor-post-type=\"page\">\n\t\t\t\t<div class=\"elementor-element elementor-element-5d4fca5 e-flex e-con-boxed e-con e-parent\" data-id=\"5d4fca5\" data-element_type=\"container\">\n\t\t\t\t\t<div class=\"e-con-inner\">\n\t\t\t\t<div class=\"elementor-element elementor-element-07e594c elementor-widget elementor-widget-heading\" data-id=\"07e594c\" data-element_type=\"widget\" data-widget_type=\"heading.default\">\n\t\t\t\t<div class=\"elementor-widget-container\">\n\t\t\t\t\t<h2 class=\"elementor-heading-title elementor-size-default\">Confirmation de r\u00e9servation<\/h2>\t\t\t\t<\/div>\n\t\t\t\t<\/div>\n\t\t\t\t\t<\/div>\n\t\t\t\t<\/div>\n\t\t<div class=\"elementor-element elementor-element-714219e0 e-flex e-con-boxed e-con e-parent\" data-id=\"714219e0\" data-element_type=\"container\">\n\t\t\t\t\t<div class=\"e-con-inner\">\n\t\t\t\t<div class=\"elementor-element elementor-element-1d47103e elementor-widget elementor-widget-shortcode\" data-id=\"1d47103e\" data-element_type=\"widget\" data-widget_type=\"shortcode.default\">\n\t\t\t\t<div class=\"elementor-widget-container\">\n\t\t\t\t\t\t\t<div class=\"elementor-shortcode\"><div class=\"mphb_sc_checkout-wrapper\"><\/div><\/div>\n\t\t\t\t\t\t<\/div>\n\t\t\t\t<\/div>\n\t\t\t\t\t<\/div>\n\t\t\t\t<\/div>\n\t\t<div class=\"elementor-element elementor-element-85b2602 e-flex e-con-boxed e-con e-parent\" data-id=\"85b2602\" data-element_type=\"container\">\n\t\t\t\t\t<div class=\"e-con-inner\">\n\t\t\t\t<div class=\"elementor-element elementor-element-6e83912 elementor-widget elementor-widget-spacer\" data-id=\"6e83912\" data-element_type=\"widget\" data-widget_type=\"spacer.default\">\n\t\t\t\t<div class=\"elementor-widget-container\">\n\t\t\t\t\t\t\t<div class=\"elementor-spacer\">\n\t\t\t<div class=\"elementor-spacer-inner\"><\/div>\n\t\t<\/div>\n\t\t\t\t\t\t<\/div>\n\t\t\t\t<\/div>\n\t\t\t\t\t<\/div>\n\t\t\t\t<\/div>\n\t\t\t\t<\/div>","protected":false},"excerpt":{"rendered":"<p>Confirmation de r\u00e9servation<\/p>","protected":false},"author":1,"featured_media":0,"parent":0,"menu_order":0,"comment_status":"closed","ping_status":"closed","template":"","meta":{"footnotes":""},"class_list":["post-8986","page","type-page","status-publish","hentry"],"yoast_head":"<!-- This site is optimized with the Yoast SEO plugin v26.5 - https:\/\/yoast.com\/wordpress\/plugins\/seo\/ -->\n<title>Booking Confirmation - H\u00f4tel de la Sabli\u00e8re<\/title>\n<meta name=\"robots\" content=\"index, follow, max-snippet:-1, max-image-preview:large, max-video-preview:-1\" \/>\n<link rel=\"canonical\" href=\"https:\/\/www.hoteldelasabliere.com\/en\/booking-confirmation\/\" \/>\n<meta property=\"og:locale\" content=\"en_GB\" \/>\n<meta property=\"og:type\" content=\"article\" \/>\n<meta property=\"og:title\" content=\"Booking Confirmation - H\u00f4tel de la Sabli\u00e8re\" \/>\n<meta property=\"og:description\" content=\"Confirmation de r\u00e9servation\" \/>\n<meta property=\"og:url\" content=\"https:\/\/www.hoteldelasabliere.com\/en\/booking-confirmation\/\" \/>\n<meta property=\"og:site_name\" content=\"H\u00f4tel de la Sabli\u00e8re\" \/>\n<meta property=\"article:publisher\" content=\"https:\/\/www.facebook.com\/HoteldelaSabliere\" \/>\n<meta property=\"article:modified_time\" content=\"2023-11-04T23:48:31+00:00\" \/>\n<meta name=\"twitter:card\" content=\"summary_large_image\" \/>\n<script type=\"application\/ld+json\" class=\"yoast-schema-graph\">{\"@context\":\"https:\/\/schema.org\",\"@graph\":[{\"@type\":\"WebPage\",\"@id\":\"https:\/\/www.hoteldelasabliere.com\/booking-confirmation\/\",\"url\":\"https:\/\/www.hoteldelasabliere.com\/booking-confirmation\/\",\"name\":\"Booking Confirmation - H\u00f4tel de la Sabli\u00e8re\",\"isPartOf\":{\"@id\":\"https:\/\/www.hoteldelasabliere.com\/#website\"},\"datePublished\":\"2019-06-11T10:06:47+00:00\",\"dateModified\":\"2023-11-04T23:48:31+00:00\",\"breadcrumb\":{\"@id\":\"https:\/\/www.hoteldelasabliere.com\/booking-confirmation\/#breadcrumb\"},\"inLanguage\":\"en-GB\",\"potentialAction\":[{\"@type\":\"ReadAction\",\"target\":[\"https:\/\/www.hoteldelasabliere.com\/booking-confirmation\/\"]}]},{\"@type\":\"BreadcrumbList\",\"@id\":\"https:\/\/www.hoteldelasabliere.com\/booking-confirmation\/#breadcrumb\",\"itemListElement\":[{\"@type\":\"ListItem\",\"position\":1,\"name\":\"Accueil\",\"item\":\"https:\/\/www.hoteldelasabliere.com\/\"},{\"@type\":\"ListItem\",\"position\":2,\"name\":\"Booking Confirmation\"}]},{\"@type\":\"WebSite\",\"@id\":\"https:\/\/www.hoteldelasabliere.com\/#website\",\"url\":\"https:\/\/www.hoteldelasabliere.com\/\",\"name\":\"H\u00f4tel de la Sabli\u00e8re\",\"description\":\"Etablissement 4 \u00e9toiles situ\u00e9 au coeur du quartier r\u00e9sidentiel de la Sabli\u00e8re \u00e0 Libreville.\",\"publisher\":{\"@id\":\"https:\/\/www.hoteldelasabliere.com\/#organization\"},\"potentialAction\":[{\"@type\":\"SearchAction\",\"target\":{\"@type\":\"EntryPoint\",\"urlTemplate\":\"https:\/\/www.hoteldelasabliere.com\/?s={search_term_string}\"},\"query-input\":{\"@type\":\"PropertyValueSpecification\",\"valueRequired\":true,\"valueName\":\"search_term_string\"}}],\"inLanguage\":\"en-GB\"},{\"@type\":\"Organization\",\"@id\":\"https:\/\/www.hoteldelasabliere.com\/#organization\",\"name\":\"H\u00f4tel de la Sabli\u00e8re\",\"url\":\"https:\/\/www.hoteldelasabliere.com\/\",\"logo\":{\"@type\":\"ImageObject\",\"inLanguage\":\"en-GB\",\"@id\":\"https:\/\/www.hoteldelasabliere.com\/#\/schema\/logo\/image\/\",\"url\":\"https:\/\/www.hoteldelasabliere.com\/wp-content\/uploads\/2023\/09\/Fichier-12logo.png\",\"contentUrl\":\"https:\/\/www.hoteldelasabliere.com\/wp-content\/uploads\/2023\/09\/Fichier-12logo.png\",\"width\":7850,\"height\":1171,\"caption\":\"H\u00f4tel de la Sabli\u00e8re\"},\"image\":{\"@id\":\"https:\/\/www.hoteldelasabliere.com\/#\/schema\/logo\/image\/\"},\"sameAs\":[\"https:\/\/www.facebook.com\/HoteldelaSabliere\",\"https:\/\/www.instagram.com\/hoteldelasabliereofficiel\/\"]}]}<\/script>\n<!-- \/ Yoast SEO plugin. -->","yoast_head_json":{"title":"Booking Confirmation - H\u00f4tel de la Sabli\u00e8re","robots":{"index":"index","follow":"follow","max-snippet":"max-snippet:-1","max-image-preview":"max-image-preview:large","max-video-preview":"max-video-preview:-1"},"canonical":"https:\/\/www.hoteldelasabliere.com\/en\/booking-confirmation\/","og_locale":"en_GB","og_type":"article","og_title":"Booking Confirmation - H\u00f4tel de la Sabli\u00e8re","og_description":"Confirmation de r\u00e9servation","og_url":"https:\/\/www.hoteldelasabliere.com\/en\/booking-confirmation\/","og_site_name":"H\u00f4tel de la Sabli\u00e8re","article_publisher":"https:\/\/www.facebook.com\/HoteldelaSabliere","article_modified_time":"2023-11-04T23:48:31+00:00","twitter_card":"summary_large_image","schema":{"@context":"https:\/\/schema.org","@graph":[{"@type":"WebPage","@id":"https:\/\/www.hoteldelasabliere.com\/booking-confirmation\/","url":"https:\/\/www.hoteldelasabliere.com\/booking-confirmation\/","name":"Booking Confirmation - H\u00f4tel de la Sabli\u00e8re","isPartOf":{"@id":"https:\/\/www.hoteldelasabliere.com\/#website"},"datePublished":"2019-06-11T10:06:47+00:00","dateModified":"2023-11-04T23:48:31+00:00","breadcrumb":{"@id":"https:\/\/www.hoteldelasabliere.com\/booking-confirmation\/#breadcrumb"},"inLanguage":"en-GB","potentialAction":[{"@type":"ReadAction","target":["https:\/\/www.hoteldelasabliere.com\/booking-confirmation\/"]}]},{"@type":"BreadcrumbList","@id":"https:\/\/www.hoteldelasabliere.com\/booking-confirmation\/#breadcrumb","itemListElement":[{"@type":"ListItem","position":1,"name":"Accueil","item":"https:\/\/www.hoteldelasabliere.com\/"},{"@type":"ListItem","position":2,"name":"Booking Confirmation"}]},{"@type":"WebSite","@id":"https:\/\/www.hoteldelasabliere.com\/#website","url":"https:\/\/www.hoteldelasabliere.com\/","name":"H\u00f4tel de la Sabli\u00e8re","description":"4 Stars establishment located in the heart of the residential district of La Sabli\u00e8re in Libreville.","publisher":{"@id":"https:\/\/www.hoteldelasabliere.com\/#organization"},"potentialAction":[{"@type":"SearchAction","target":{"@type":"EntryPoint","urlTemplate":"https:\/\/www.hoteldelasabliere.com\/?s={search_term_string}"},"query-input":{"@type":"PropertyValueSpecification","valueRequired":true,"valueName":"search_term_string"}}],"inLanguage":"en-GB"},{"@type":"Organization","@id":"https:\/\/www.hoteldelasabliere.com\/#organization","name":"H\u00f4tel de la Sabli\u00e8re","url":"https:\/\/www.hoteldelasabliere.com\/","logo":{"@type":"ImageObject","inLanguage":"en-GB","@id":"https:\/\/www.hoteldelasabliere.com\/#\/schema\/logo\/image\/","url":"https:\/\/www.hoteldelasabliere.com\/wp-content\/uploads\/2023\/09\/Fichier-12logo.png","contentUrl":"https:\/\/www.hoteldelasabliere.com\/wp-content\/uploads\/2023\/09\/Fichier-12logo.png","width":7850,"height":1171,"caption":"H\u00f4tel de la Sabli\u00e8re"},"image":{"@id":"https:\/\/www.hoteldelasabliere.com\/#\/schema\/logo\/image\/"},"sameAs":["https:\/\/www.facebook.com\/HoteldelaSabliere","https:\/\/www.instagram.com\/hoteldelasabliereofficiel\/"]}]}},"_links":{"self":[{"href":"https:\/\/www.hoteldelasabliere.com\/en\/wp-json\/wp\/v2\/pages\/8986","targetHints":{"allow":["GET"]}}],"collection":[{"href":"https:\/\/www.hoteldelasabliere.com\/en\/wp-json\/wp\/v2\/pages"}],"about":[{"href":"https:\/\/www.hoteldelasabliere.com\/en\/wp-json\/wp\/v2\/types\/page"}],"author":[{"embeddable":true,"href":"https:\/\/www.hoteldelasabliere.com\/en\/wp-json\/wp\/v2\/users\/1"}],"replies":[{"embeddable":true,"href":"https:\/\/www.hoteldelasabliere.com\/en\/wp-json\/wp\/v2\/comments?post=8986"}],"version-history":[{"count":6,"href":"https:\/\/www.hoteldelasabliere.com\/en\/wp-json\/wp\/v2\/pages\/8986\/revisions"}],"predecessor-version":[{"id":9518,"href":"https:\/\/www.hoteldelasabliere.com\/en\/wp-json\/wp\/v2\/pages\/8986\/revisions\/9518"}],"wp:attachment":[{"href":"https:\/\/www.hoteldelasabliere.com\/en\/wp-json\/wp\/v2\/media?parent=8986"}],"curies":[{"name":"wp","href":"https:\/\/api.w.org\/{rel}","templated":true}]}}